{"id":2980,"date":"2022-08-28T12:42:27","date_gmt":"2022-08-28T10:42:27","guid":{"rendered":"https:\/\/www.spck-embassy.com\/?post_type=product&#038;p=2980"},"modified":"2022-10-30T11:29:10","modified_gmt":"2022-10-30T10:29:10","slug":"cuba-libre-alias-backo","status":"publish","type":"product","link":"https:\/\/www.spck-embassy.com\/index.php\/product\/cuba-libre-alias-backo\/","title":{"rendered":"Cuba Libre"},"content":{"rendered":"<p><a href=\"https:\/\/www.spck-embassy.com\/index.php\/product\/bacardi-carta-blanca-375-70cl\/\" target=\"_blank\" rel=\"noopener\">BACARDI Carta Blanca rum<\/a> + Jus et zestes de citron vert frais + Coca-Cola (1,5)<\/p>\n<p><em>\u00a0~1930s&#8230; Uncredited<\/em><\/p>\n<p>Un incontournable, qui doit \u00eatre indispensablement servi avec un bon trait de jus de citron vert pour balancer le sucre du Coca-Cola. Mais tout \u00e9tant une question de go\u00fbt, le soda est toujours servi en carafe pour que vous restiez ma\u00eetre de votre \u00e9quilibre (ah la la la la). Attention, un Backo est un simple Bacardi-Coke en bo\u00eete de nuit&#8230; pas le m\u00eame plaisir.<\/p>\n","protected":false},"excerpt":{"rendered":"<p>BACARDI Carta Blanca rum + Jus et zestes de citron vert frais + Coca-Cola (1,5) \u00a0~1930s&#8230; Uncredited Un incontournable, qui doit \u00eatre indispensablement servi avec un bon trait de jus de citron vert pour balancer le sucre du Coca-Cola. Mais tout \u00e9tant une question de go\u00fbt, le soda est toujours servi en carafe pour que [&hellip;]<\/p>\n","protected":false},"featured_media":2971,"template":"","meta":{"_mi_skip_tracking":false,"ocean_post_layout":"","ocean_both_sidebars_style":"","ocean_both_sidebars_content_width":0,"ocean_both_sidebars_sidebars_width":0,"ocean_sidebar":"0","ocean_second_sidebar":"0","ocean_disable_margins":"enable","ocean_add_body_class":"","ocean_shortcode_before_top_bar":"","ocean_shortcode_after_top_bar":"","ocean_shortcode_before_header":"","ocean_shortcode_after_header":"","ocean_has_shortcode":"","ocean_shortcode_after_title":"","ocean_shortcode_before_footer_widgets":"","ocean_shortcode_after_footer_widgets":"","ocean_shortcode_before_footer_bottom":"","ocean_shortcode_after_footer_bottom":"","ocean_display_top_bar":"default","ocean_display_header":"default","ocean_header_style":"","ocean_center_header_left_menu":"0","ocean_custom_header_template":"0","ocean_custom_logo":0,"ocean_custom_retina_logo":0,"ocean_custom_logo_max_width":0,"ocean_custom_logo_tablet_max_width":0,"ocean_custom_logo_mobile_max_width":0,"ocean_custom_logo_max_height":0,"ocean_custom_logo_tablet_max_height":0,"ocean_custom_logo_mobile_max_height":0,"ocean_header_custom_menu":"0","ocean_menu_typo_font_family":"0","ocean_menu_typo_font_subset":"","ocean_menu_typo_font_size":0,"ocean_menu_typo_font_size_tablet":0,"ocean_menu_typo_font_size_mobile":0,"ocean_menu_typo_font_size_unit":"px","ocean_menu_typo_font_weight":"","ocean_menu_typo_font_weight_tablet":"","ocean_menu_typo_font_weight_mobile":"","ocean_menu_typo_transform":"","ocean_menu_typo_transform_tablet":"","ocean_menu_typo_transform_mobile":"","ocean_menu_typo_line_height":0,"ocean_menu_typo_line_height_tablet":0,"ocean_menu_typo_line_height_mobile":0,"ocean_menu_typo_line_height_unit":"","ocean_menu_typo_spacing":0,"ocean_menu_typo_spacing_tablet":0,"ocean_menu_typo_spacing_mobile":0,"ocean_menu_typo_spacing_unit":"","ocean_menu_link_color":"","ocean_menu_link_color_hover":"","ocean_menu_link_color_active":"","ocean_menu_link_background":"","ocean_menu_link_hover_background":"","ocean_menu_link_active_background":"","ocean_menu_social_links_bg":"","ocean_menu_social_hover_links_bg":"","ocean_menu_social_links_color":"","ocean_menu_social_hover_links_color":"","ocean_disable_title":"default","ocean_disable_heading":"default","ocean_post_title":"","ocean_post_subheading":"","ocean_post_title_style":"","ocean_post_title_background_color":"","ocean_post_title_background":0,"ocean_post_title_bg_image_position":"","ocean_post_title_bg_image_attachment":"","ocean_post_title_bg_image_repeat":"","ocean_post_title_bg_image_size":"","ocean_post_title_height":0,"ocean_post_title_bg_overlay":0.5,"ocean_post_title_bg_overlay_color":"","ocean_disable_breadcrumbs":"default","ocean_breadcrumbs_color":"","ocean_breadcrumbs_separator_color":"","ocean_breadcrumbs_links_color":"","ocean_breadcrumbs_links_hover_color":"","ocean_display_footer_widgets":"default","ocean_display_footer_bottom":"default","ocean_custom_footer_template":"0"},"product_brand":[],"product_cat":[51],"product_tag":[],"class_list":{"0":"post-2980","1":"product","2":"type-product","3":"status-publish","4":"has-post-thumbnail","6":"product_cat-duos","8":"entry","9":"has-media","11":"first","12":"instock","13":"shipping-taxable","14":"purchasable","15":"product-type-simple","16":"has-product-nav","17":"col","18":"span_1_of_4","19":"owp-content-center","20":"owp-thumbs-layout-horizontal","21":"owp-btn-normal","22":"owp-tabs-layout-vertical","23":"has-no-thumbnails"},"yoast_head":"<!-- This site is optimized with the Yoast SEO plugin v27.5 - https:\/\/yoast.com\/product\/yoast-seo-wordpress\/ -->\n<title>Cuba Libre - Spirit &amp; Cocktail Embassy<\/title>\n<meta name=\"robots\" content=\"index, follow, max-snippet:-1, max-image-preview:large, max-video-preview:-1\" \/>\n<link rel=\"canonical\" href=\"https:\/\/www.spck-embassy.com\/index.php\/product\/cuba-libre-alias-backo\/\" \/>\n<meta property=\"og:locale\" content=\"en_US\" \/>\n<meta property=\"og:type\" content=\"article\" \/>\n<meta property=\"og:title\" content=\"Cuba Libre - Spirit &amp; Cocktail Embassy\" \/>\n<meta property=\"og:description\" content=\"BACARDI Carta Blanca rum + Jus et zestes de citron vert frais + Coca-Cola (1,5) \u00a0~1930s&#8230; Uncredited Un incontournable, qui doit \u00eatre indispensablement servi avec un bon trait de jus de citron vert pour balancer le sucre du Coca-Cola. Mais tout \u00e9tant une question de go\u00fbt, le soda est toujours servi en carafe pour que [&hellip;]\" \/>\n<meta property=\"og:url\" content=\"https:\/\/www.spck-embassy.com\/index.php\/product\/cuba-libre-alias-backo\/\" \/>\n<meta property=\"og:site_name\" content=\"Spirit &amp; Cocktail Embassy\" \/>\n<meta property=\"article:publisher\" content=\"https:\/\/fr-fr.facebook.com\/pages\/Spirit-Cocktail-Embassy\/1434858533436172\" \/>\n<meta property=\"article:modified_time\" content=\"2022-10-30T10:29:10+00:00\" \/>\n<meta property=\"og:image\" content=\"https:\/\/www.spck-embassy.com\/wp-content\/uploads\/2022\/08\/SPCKE-Cuba-Libre.jpg\" \/>\n\t<meta property=\"og:image:width\" content=\"480\" \/>\n\t<meta property=\"og:image:height\" content=\"480\" \/>\n\t<meta property=\"og:image:type\" content=\"image\/jpeg\" \/>\n<meta name=\"twitter:card\" content=\"summary_large_image\" \/>\n<meta name=\"twitter:label1\" content=\"Est. reading time\" \/>\n\t<meta name=\"twitter:data1\" content=\"1 minute\" \/>\n<script type=\"application\/ld+json\" class=\"yoast-schema-graph\">{\"@context\":\"https:\\\/\\\/schema.org\",\"@graph\":[{\"@type\":\"WebPage\",\"@id\":\"https:\\\/\\\/www.spck-embassy.com\\\/index.php\\\/product\\\/cuba-libre-alias-backo\\\/\",\"url\":\"https:\\\/\\\/www.spck-embassy.com\\\/index.php\\\/product\\\/cuba-libre-alias-backo\\\/\",\"name\":\"Cuba Libre - Spirit &amp; Cocktail Embassy\",\"isPartOf\":{\"@id\":\"https:\\\/\\\/www.spck-embassy.com\\\/#website\"},\"primaryImageOfPage\":{\"@id\":\"https:\\\/\\\/www.spck-embassy.com\\\/index.php\\\/product\\\/cuba-libre-alias-backo\\\/#primaryimage\"},\"image\":{\"@id\":\"https:\\\/\\\/www.spck-embassy.com\\\/index.php\\\/product\\\/cuba-libre-alias-backo\\\/#primaryimage\"},\"thumbnailUrl\":\"https:\\\/\\\/www.spck-embassy.com\\\/wp-content\\\/uploads\\\/2022\\\/08\\\/SPCKE-Cuba-Libre.jpg\",\"datePublished\":\"2022-08-28T10:42:27+00:00\",\"dateModified\":\"2022-10-30T10:29:10+00:00\",\"breadcrumb\":{\"@id\":\"https:\\\/\\\/www.spck-embassy.com\\\/index.php\\\/product\\\/cuba-libre-alias-backo\\\/#breadcrumb\"},\"inLanguage\":\"en-US\",\"potentialAction\":[{\"@type\":\"ReadAction\",\"target\":[\"https:\\\/\\\/www.spck-embassy.com\\\/index.php\\\/product\\\/cuba-libre-alias-backo\\\/\"]}]},{\"@type\":\"ImageObject\",\"inLanguage\":\"en-US\",\"@id\":\"https:\\\/\\\/www.spck-embassy.com\\\/index.php\\\/product\\\/cuba-libre-alias-backo\\\/#primaryimage\",\"url\":\"https:\\\/\\\/www.spck-embassy.com\\\/wp-content\\\/uploads\\\/2022\\\/08\\\/SPCKE-Cuba-Libre.jpg\",\"contentUrl\":\"https:\\\/\\\/www.spck-embassy.com\\\/wp-content\\\/uploads\\\/2022\\\/08\\\/SPCKE-Cuba-Libre.jpg\",\"width\":480,\"height\":480,\"caption\":\"SPCKE - Cuba Libre\"},{\"@type\":\"BreadcrumbList\",\"@id\":\"https:\\\/\\\/www.spck-embassy.com\\\/index.php\\\/product\\\/cuba-libre-alias-backo\\\/#breadcrumb\",\"itemListElement\":[{\"@type\":\"ListItem\",\"position\":1,\"name\":\"Home\",\"item\":\"https:\\\/\\\/www.spck-embassy.com\\\/\"},{\"@type\":\"ListItem\",\"position\":2,\"name\":\"Bar\",\"item\":\"https:\\\/\\\/www.spck-embassy.com\\\/index.php\\\/bar\\\/\"},{\"@type\":\"ListItem\",\"position\":3,\"name\":\"Cuba Libre\"}]},{\"@type\":\"WebSite\",\"@id\":\"https:\\\/\\\/www.spck-embassy.com\\\/#website\",\"url\":\"https:\\\/\\\/www.spck-embassy.com\\\/\",\"name\":\"Spirit & Cocktail Embassy\",\"description\":\"\",\"publisher\":{\"@id\":\"https:\\\/\\\/www.spck-embassy.com\\\/#organization\"},\"potentialAction\":[{\"@type\":\"SearchAction\",\"target\":{\"@type\":\"EntryPoint\",\"urlTemplate\":\"https:\\\/\\\/www.spck-embassy.com\\\/?s={search_term_string}\"},\"query-input\":{\"@type\":\"PropertyValueSpecification\",\"valueRequired\":true,\"valueName\":\"search_term_string\"}}],\"inLanguage\":\"en-US\"},{\"@type\":\"Organization\",\"@id\":\"https:\\\/\\\/www.spck-embassy.com\\\/#organization\",\"name\":\"Spirit & Cocktail Embassy\",\"url\":\"https:\\\/\\\/www.spck-embassy.com\\\/\",\"logo\":{\"@type\":\"ImageObject\",\"inLanguage\":\"en-US\",\"@id\":\"https:\\\/\\\/www.spck-embassy.com\\\/#\\\/schema\\\/logo\\\/image\\\/\",\"url\":\"https:\\\/\\\/www.spck-embassy.com\\\/wp-content\\\/uploads\\\/2020\\\/07\\\/NameLogo-site-web-1010.300.png\",\"contentUrl\":\"https:\\\/\\\/www.spck-embassy.com\\\/wp-content\\\/uploads\\\/2020\\\/07\\\/NameLogo-site-web-1010.300.png\",\"width\":1010,\"height\":300,\"caption\":\"Spirit & Cocktail Embassy\"},\"image\":{\"@id\":\"https:\\\/\\\/www.spck-embassy.com\\\/#\\\/schema\\\/logo\\\/image\\\/\"},\"sameAs\":[\"https:\\\/\\\/fr-fr.facebook.com\\\/pages\\\/Spirit-Cocktail-Embassy\\\/1434858533436172\"]}]}<\/script>\n<!-- \/ Yoast SEO plugin. -->","yoast_head_json":{"title":"Cuba Libre - Spirit &amp; Cocktail Embassy","robots":{"index":"index","follow":"follow","max-snippet":"max-snippet:-1","max-image-preview":"max-image-preview:large","max-video-preview":"max-video-preview:-1"},"canonical":"https:\/\/www.spck-embassy.com\/index.php\/product\/cuba-libre-alias-backo\/","og_locale":"en_US","og_type":"article","og_title":"Cuba Libre - Spirit &amp; Cocktail Embassy","og_description":"BACARDI Carta Blanca rum + Jus et zestes de citron vert frais + Coca-Cola (1,5) \u00a0~1930s&#8230; Uncredited Un incontournable, qui doit \u00eatre indispensablement servi avec un bon trait de jus de citron vert pour balancer le sucre du Coca-Cola. Mais tout \u00e9tant une question de go\u00fbt, le soda est toujours servi en carafe pour que [&hellip;]","og_url":"https:\/\/www.spck-embassy.com\/index.php\/product\/cuba-libre-alias-backo\/","og_site_name":"Spirit &amp; Cocktail Embassy","article_publisher":"https:\/\/fr-fr.facebook.com\/pages\/Spirit-Cocktail-Embassy\/1434858533436172","article_modified_time":"2022-10-30T10:29:10+00:00","og_image":[{"width":480,"height":480,"url":"https:\/\/www.spck-embassy.com\/wp-content\/uploads\/2022\/08\/SPCKE-Cuba-Libre.jpg","type":"image\/jpeg"}],"twitter_card":"summary_large_image","twitter_misc":{"Est. reading time":"1 minute"},"schema":{"@context":"https:\/\/schema.org","@graph":[{"@type":"WebPage","@id":"https:\/\/www.spck-embassy.com\/index.php\/product\/cuba-libre-alias-backo\/","url":"https:\/\/www.spck-embassy.com\/index.php\/product\/cuba-libre-alias-backo\/","name":"Cuba Libre - Spirit &amp; Cocktail Embassy","isPartOf":{"@id":"https:\/\/www.spck-embassy.com\/#website"},"primaryImageOfPage":{"@id":"https:\/\/www.spck-embassy.com\/index.php\/product\/cuba-libre-alias-backo\/#primaryimage"},"image":{"@id":"https:\/\/www.spck-embassy.com\/index.php\/product\/cuba-libre-alias-backo\/#primaryimage"},"thumbnailUrl":"https:\/\/www.spck-embassy.com\/wp-content\/uploads\/2022\/08\/SPCKE-Cuba-Libre.jpg","datePublished":"2022-08-28T10:42:27+00:00","dateModified":"2022-10-30T10:29:10+00:00","breadcrumb":{"@id":"https:\/\/www.spck-embassy.com\/index.php\/product\/cuba-libre-alias-backo\/#breadcrumb"},"inLanguage":"en-US","potentialAction":[{"@type":"ReadAction","target":["https:\/\/www.spck-embassy.com\/index.php\/product\/cuba-libre-alias-backo\/"]}]},{"@type":"ImageObject","inLanguage":"en-US","@id":"https:\/\/www.spck-embassy.com\/index.php\/product\/cuba-libre-alias-backo\/#primaryimage","url":"https:\/\/www.spck-embassy.com\/wp-content\/uploads\/2022\/08\/SPCKE-Cuba-Libre.jpg","contentUrl":"https:\/\/www.spck-embassy.com\/wp-content\/uploads\/2022\/08\/SPCKE-Cuba-Libre.jpg","width":480,"height":480,"caption":"SPCKE - Cuba Libre"},{"@type":"BreadcrumbList","@id":"https:\/\/www.spck-embassy.com\/index.php\/product\/cuba-libre-alias-backo\/#breadcrumb","itemListElement":[{"@type":"ListItem","position":1,"name":"Home","item":"https:\/\/www.spck-embassy.com\/"},{"@type":"ListItem","position":2,"name":"Bar","item":"https:\/\/www.spck-embassy.com\/index.php\/bar\/"},{"@type":"ListItem","position":3,"name":"Cuba Libre"}]},{"@type":"WebSite","@id":"https:\/\/www.spck-embassy.com\/#website","url":"https:\/\/www.spck-embassy.com\/","name":"Spirit & Cocktail Embassy","description":"","publisher":{"@id":"https:\/\/www.spck-embassy.com\/#organization"},"potentialAction":[{"@type":"SearchAction","target":{"@type":"EntryPoint","urlTemplate":"https:\/\/www.spck-embassy.com\/?s={search_term_string}"},"query-input":{"@type":"PropertyValueSpecification","valueRequired":true,"valueName":"search_term_string"}}],"inLanguage":"en-US"},{"@type":"Organization","@id":"https:\/\/www.spck-embassy.com\/#organization","name":"Spirit & Cocktail Embassy","url":"https:\/\/www.spck-embassy.com\/","logo":{"@type":"ImageObject","inLanguage":"en-US","@id":"https:\/\/www.spck-embassy.com\/#\/schema\/logo\/image\/","url":"https:\/\/www.spck-embassy.com\/wp-content\/uploads\/2020\/07\/NameLogo-site-web-1010.300.png","contentUrl":"https:\/\/www.spck-embassy.com\/wp-content\/uploads\/2020\/07\/NameLogo-site-web-1010.300.png","width":1010,"height":300,"caption":"Spirit & Cocktail Embassy"},"image":{"@id":"https:\/\/www.spck-embassy.com\/#\/schema\/logo\/image\/"},"sameAs":["https:\/\/fr-fr.facebook.com\/pages\/Spirit-Cocktail-Embassy\/1434858533436172"]}]}},"jetpack_sharing_enabled":true,"_links":{"self":[{"href":"https:\/\/www.spck-embassy.com\/index.php\/wp-json\/wp\/v2\/product\/2980","targetHints":{"allow":["GET"]}}],"collection":[{"href":"https:\/\/www.spck-embassy.com\/index.php\/wp-json\/wp\/v2\/product"}],"about":[{"href":"https:\/\/www.spck-embassy.com\/index.php\/wp-json\/wp\/v2\/types\/product"}],"wp:featuredmedia":[{"embeddable":true,"href":"https:\/\/www.spck-embassy.com\/index.php\/wp-json\/wp\/v2\/media\/2971"}],"wp:attachment":[{"href":"https:\/\/www.spck-embassy.com\/index.php\/wp-json\/wp\/v2\/media?parent=2980"}],"wp:term":[{"taxonomy":"product_brand","embeddable":true,"href":"https:\/\/www.spck-embassy.com\/index.php\/wp-json\/wp\/v2\/product_brand?post=2980"},{"taxonomy":"product_cat","embeddable":true,"href":"https:\/\/www.spck-embassy.com\/index.php\/wp-json\/wp\/v2\/product_cat?post=2980"},{"taxonomy":"product_tag","embeddable":true,"href":"https:\/\/www.spck-embassy.com\/index.php\/wp-json\/wp\/v2\/product_tag?post=2980"}],"curies":[{"name":"wp","href":"https:\/\/api.w.org\/{rel}","templated":true}]}}