{"id":2771,"date":"2022-05-16T22:49:06","date_gmt":"2022-05-16T20:49:06","guid":{"rendered":"https:\/\/www.spck-embassy.com\/?post_type=product&#038;p=2771"},"modified":"2025-03-21T22:28:03","modified_gmt":"2025-03-21T21:28:03","slug":"daiquiri","status":"publish","type":"product","link":"https:\/\/www.spck-embassy.com\/index.php\/product\/daiquiri\/","title":{"rendered":"Daiquiri"},"content":{"rendered":"<p><a href=\"https:\/\/www.spck-embassy.com\/index.php\/product\/bacardi-carta-blanca-375-70cl\/\" target=\"_blank\" rel=\"noopener\">BACARDI Carta Blanca rum<\/a> +\u00a0 Jus de citron + Sirop de sucre de canne (1,5U).<\/p>\n<p><em>~1898, Uncredited.<br \/>\n<\/em><\/p>\n<p>Consid\u00e9r\u00e9 comme cr\u00e9\u00e9 par un couple d&#8217;am\u00e9ricain travaillant \u00e0 Cuba au sortir de la guerre <a href=\"https:\/\/fr.wikipedia.org\/wiki\/Guerre_hispano-am%C3%A9ricaine\" target=\"_blank\" rel=\"noopener\">Hispano-Am\u00e9ricaine<\/a>, le Daiquiri est simple et accessible mais rudement bon. Outre le citron vert et ses propri\u00e9t\u00e9s contre la malaria, il \u00e9tait alors certainement \u00e0 base de Bacardi dont la maison est fond\u00e9e en 1862 \u00e0 Cuba produisant un rum blanc et l\u00e9ger pl\u00e9biscit\u00e9.<\/p>\n<p>On peut n\u00e9anmoins s&#8217;accorder quelques \u00e9carts en utilisant un rum blanc l\u00e9ger \u00e0 base de m\u00e9lasse, \u00e9cart que nous ne tol\u00e9rerons pas avec le Bacardi Cocktail.<\/p>\n","protected":false},"excerpt":{"rendered":"<p>BACARDI Carta Blanca rum +\u00a0 Jus de citron + Sirop de sucre de canne (1,5U). ~1898, Uncredited. Consid\u00e9r\u00e9 comme cr\u00e9\u00e9 par un couple d&#8217;am\u00e9ricain travaillant \u00e0 Cuba au sortir de la guerre Hispano-Am\u00e9ricaine, le Daiquiri est simple et accessible mais rudement bon. Outre le citron vert et ses propri\u00e9t\u00e9s contre la malaria, il \u00e9tait alors [&hellip;]<\/p>\n","protected":false},"featured_media":3013,"template":"","meta":{"_mi_skip_tracking":false,"ocean_post_layout":"","ocean_both_sidebars_style":"","ocean_both_sidebars_content_width":0,"ocean_both_sidebars_sidebars_width":0,"ocean_sidebar":"0","ocean_second_sidebar":"0","ocean_disable_margins":"enable","ocean_add_body_class":"","ocean_shortcode_before_top_bar":"","ocean_shortcode_after_top_bar":"","ocean_shortcode_before_header":"","ocean_shortcode_after_header":"","ocean_has_shortcode":"","ocean_shortcode_after_title":"","ocean_shortcode_before_footer_widgets":"","ocean_shortcode_after_footer_widgets":"","ocean_shortcode_before_footer_bottom":"","ocean_shortcode_after_footer_bottom":"","ocean_display_top_bar":"default","ocean_display_header":"default","ocean_header_style":"","ocean_center_header_left_menu":"0","ocean_custom_header_template":"0","ocean_custom_logo":0,"ocean_custom_retina_logo":0,"ocean_custom_logo_max_width":0,"ocean_custom_logo_tablet_max_width":0,"ocean_custom_logo_mobile_max_width":0,"ocean_custom_logo_max_height":0,"ocean_custom_logo_tablet_max_height":0,"ocean_custom_logo_mobile_max_height":0,"ocean_header_custom_menu":"0","ocean_menu_typo_font_family":"0","ocean_menu_typo_font_subset":"","ocean_menu_typo_font_size":0,"ocean_menu_typo_font_size_tablet":0,"ocean_menu_typo_font_size_mobile":0,"ocean_menu_typo_font_size_unit":"px","ocean_menu_typo_font_weight":"","ocean_menu_typo_font_weight_tablet":"","ocean_menu_typo_font_weight_mobile":"","ocean_menu_typo_transform":"","ocean_menu_typo_transform_tablet":"","ocean_menu_typo_transform_mobile":"","ocean_menu_typo_line_height":0,"ocean_menu_typo_line_height_tablet":0,"ocean_menu_typo_line_height_mobile":0,"ocean_menu_typo_line_height_unit":"","ocean_menu_typo_spacing":0,"ocean_menu_typo_spacing_tablet":0,"ocean_menu_typo_spacing_mobile":0,"ocean_menu_typo_spacing_unit":"","ocean_menu_link_color":"","ocean_menu_link_color_hover":"","ocean_menu_link_color_active":"","ocean_menu_link_background":"","ocean_menu_link_hover_background":"","ocean_menu_link_active_background":"","ocean_menu_social_links_bg":"","ocean_menu_social_hover_links_bg":"","ocean_menu_social_links_color":"","ocean_menu_social_hover_links_color":"","ocean_disable_title":"default","ocean_disable_heading":"default","ocean_post_title":"","ocean_post_subheading":"","ocean_post_title_style":"","ocean_post_title_background_color":"","ocean_post_title_background":0,"ocean_post_title_bg_image_position":"","ocean_post_title_bg_image_attachment":"","ocean_post_title_bg_image_repeat":"","ocean_post_title_bg_image_size":"","ocean_post_title_height":0,"ocean_post_title_bg_overlay":0.5,"ocean_post_title_bg_overlay_color":"","ocean_disable_breadcrumbs":"default","ocean_breadcrumbs_color":"","ocean_breadcrumbs_separator_color":"","ocean_breadcrumbs_links_color":"","ocean_breadcrumbs_links_hover_color":"","ocean_display_footer_widgets":"default","ocean_display_footer_bottom":"default","ocean_custom_footer_template":"0"},"product_cat":[49],"product_tag":[],"class_list":{"0":"post-2771","1":"product","2":"type-product","3":"status-publish","4":"has-post-thumbnail","5":"hentry","6":"product_cat-sours","8":"entry","9":"has-media","10":"owp-thumbs-layout-horizontal","11":"owp-btn-normal","12":"owp-tabs-layout-vertical","13":"has-no-thumbnails","14":"has-product-nav"},"yoast_head":"<!-- This site is optimized with the Yoast SEO plugin v24.9 - https:\/\/yoast.com\/wordpress\/plugins\/seo\/ -->\n<title>Daiquiri - Spirit &amp; Cocktail Embassy<\/title>\n<meta name=\"robots\" content=\"index, follow, max-snippet:-1, max-image-preview:large, max-video-preview:-1\" \/>\n<link rel=\"canonical\" href=\"https:\/\/www.spck-embassy.com\/index.php\/product\/daiquiri\/\" \/>\n<meta property=\"og:locale\" content=\"en_US\" \/>\n<meta property=\"og:type\" content=\"article\" \/>\n<meta property=\"og:title\" content=\"Daiquiri - Spirit &amp; Cocktail Embassy\" \/>\n<meta property=\"og:description\" content=\"BACARDI Carta Blanca rum +\u00a0 Jus de citron + Sirop de sucre de canne (1,5U). ~1898, Uncredited. Consid\u00e9r\u00e9 comme cr\u00e9\u00e9 par un couple d&#8217;am\u00e9ricain travaillant \u00e0 Cuba au sortir de la guerre Hispano-Am\u00e9ricaine, le Daiquiri est simple et accessible mais rudement bon. Outre le citron vert et ses propri\u00e9t\u00e9s contre la malaria, il \u00e9tait alors [&hellip;]\" \/>\n<meta property=\"og:url\" content=\"https:\/\/www.spck-embassy.com\/index.php\/product\/daiquiri\/\" \/>\n<meta property=\"og:site_name\" content=\"Spirit &amp; Cocktail Embassy\" \/>\n<meta property=\"article:publisher\" content=\"https:\/\/fr-fr.facebook.com\/pages\/Spirit-Cocktail-Embassy\/1434858533436172\" \/>\n<meta property=\"article:modified_time\" content=\"2025-03-21T21:28:03+00:00\" \/>\n<meta property=\"og:image\" content=\"https:\/\/www.spck-embassy.com\/wp-content\/uploads\/2025\/03\/SPCKE-Daiquiri-scaled.jpg\" \/>\n\t<meta property=\"og:image:width\" content=\"2560\" \/>\n\t<meta property=\"og:image:height\" content=\"2560\" \/>\n\t<meta property=\"og:image:type\" content=\"image\/jpeg\" \/>\n<meta name=\"twitter:card\" content=\"summary_large_image\" \/>\n<meta name=\"twitter:label1\" content=\"Est. reading time\" \/>\n\t<meta name=\"twitter:data1\" content=\"1 minute\" \/>\n<script type=\"application\/ld+json\" class=\"yoast-schema-graph\">{\"@context\":\"https:\/\/schema.org\",\"@graph\":[{\"@type\":\"WebPage\",\"@id\":\"https:\/\/www.spck-embassy.com\/index.php\/product\/daiquiri\/\",\"url\":\"https:\/\/www.spck-embassy.com\/index.php\/product\/daiquiri\/\",\"name\":\"Daiquiri - Spirit &amp; Cocktail Embassy\",\"isPartOf\":{\"@id\":\"https:\/\/www.spck-embassy.com\/#website\"},\"primaryImageOfPage\":{\"@id\":\"https:\/\/www.spck-embassy.com\/index.php\/product\/daiquiri\/#primaryimage\"},\"image\":{\"@id\":\"https:\/\/www.spck-embassy.com\/index.php\/product\/daiquiri\/#primaryimage\"},\"thumbnailUrl\":\"https:\/\/www.spck-embassy.com\/wp-content\/uploads\/2025\/03\/SPCKE-Daiquiri-scaled.jpg\",\"datePublished\":\"2022-05-16T20:49:06+00:00\",\"dateModified\":\"2025-03-21T21:28:03+00:00\",\"breadcrumb\":{\"@id\":\"https:\/\/www.spck-embassy.com\/index.php\/product\/daiquiri\/#breadcrumb\"},\"inLanguage\":\"en-US\",\"potentialAction\":[{\"@type\":\"ReadAction\",\"target\":[\"https:\/\/www.spck-embassy.com\/index.php\/product\/daiquiri\/\"]}]},{\"@type\":\"ImageObject\",\"inLanguage\":\"en-US\",\"@id\":\"https:\/\/www.spck-embassy.com\/index.php\/product\/daiquiri\/#primaryimage\",\"url\":\"https:\/\/www.spck-embassy.com\/wp-content\/uploads\/2025\/03\/SPCKE-Daiquiri-scaled.jpg\",\"contentUrl\":\"https:\/\/www.spck-embassy.com\/wp-content\/uploads\/2025\/03\/SPCKE-Daiquiri-scaled.jpg\",\"width\":2560,\"height\":2560,\"caption\":\"SPCKE - Daiquiri\"},{\"@type\":\"BreadcrumbList\",\"@id\":\"https:\/\/www.spck-embassy.com\/index.php\/product\/daiquiri\/#breadcrumb\",\"itemListElement\":[{\"@type\":\"ListItem\",\"position\":1,\"name\":\"Home\",\"item\":\"https:\/\/www.spck-embassy.com\/\"},{\"@type\":\"ListItem\",\"position\":2,\"name\":\"Bar\",\"item\":\"https:\/\/www.spck-embassy.com\/index.php\/bar\/\"},{\"@type\":\"ListItem\",\"position\":3,\"name\":\"Daiquiri\"}]},{\"@type\":\"WebSite\",\"@id\":\"https:\/\/www.spck-embassy.com\/#website\",\"url\":\"https:\/\/www.spck-embassy.com\/\",\"name\":\"Spirit & Cocktail Embassy\",\"description\":\"\",\"publisher\":{\"@id\":\"https:\/\/www.spck-embassy.com\/#organization\"},\"potentialAction\":[{\"@type\":\"SearchAction\",\"target\":{\"@type\":\"EntryPoint\",\"urlTemplate\":\"https:\/\/www.spck-embassy.com\/?s={search_term_string}\"},\"query-input\":{\"@type\":\"PropertyValueSpecification\",\"valueRequired\":true,\"valueName\":\"search_term_string\"}}],\"inLanguage\":\"en-US\"},{\"@type\":\"Organization\",\"@id\":\"https:\/\/www.spck-embassy.com\/#organization\",\"name\":\"Spirit & Cocktail Embassy\",\"url\":\"https:\/\/www.spck-embassy.com\/\",\"logo\":{\"@type\":\"ImageObject\",\"inLanguage\":\"en-US\",\"@id\":\"https:\/\/www.spck-embassy.com\/#\/schema\/logo\/image\/\",\"url\":\"https:\/\/www.spck-embassy.com\/wp-content\/uploads\/2020\/07\/NameLogo-site-web-1010.300.png\",\"contentUrl\":\"https:\/\/www.spck-embassy.com\/wp-content\/uploads\/2020\/07\/NameLogo-site-web-1010.300.png\",\"width\":1010,\"height\":300,\"caption\":\"Spirit & Cocktail Embassy\"},\"image\":{\"@id\":\"https:\/\/www.spck-embassy.com\/#\/schema\/logo\/image\/\"},\"sameAs\":[\"https:\/\/fr-fr.facebook.com\/pages\/Spirit-Cocktail-Embassy\/1434858533436172\"]}]}<\/script>\n<!-- \/ Yoast SEO plugin. -->","yoast_head_json":{"title":"Daiquiri - Spirit &amp; Cocktail Embassy","robots":{"index":"index","follow":"follow","max-snippet":"max-snippet:-1","max-image-preview":"max-image-preview:large","max-video-preview":"max-video-preview:-1"},"canonical":"https:\/\/www.spck-embassy.com\/index.php\/product\/daiquiri\/","og_locale":"en_US","og_type":"article","og_title":"Daiquiri - Spirit &amp; Cocktail Embassy","og_description":"BACARDI Carta Blanca rum +\u00a0 Jus de citron + Sirop de sucre de canne (1,5U). ~1898, Uncredited. Consid\u00e9r\u00e9 comme cr\u00e9\u00e9 par un couple d&#8217;am\u00e9ricain travaillant \u00e0 Cuba au sortir de la guerre Hispano-Am\u00e9ricaine, le Daiquiri est simple et accessible mais rudement bon. Outre le citron vert et ses propri\u00e9t\u00e9s contre la malaria, il \u00e9tait alors [&hellip;]","og_url":"https:\/\/www.spck-embassy.com\/index.php\/product\/daiquiri\/","og_site_name":"Spirit &amp; Cocktail Embassy","article_publisher":"https:\/\/fr-fr.facebook.com\/pages\/Spirit-Cocktail-Embassy\/1434858533436172","article_modified_time":"2025-03-21T21:28:03+00:00","og_image":[{"width":2560,"height":2560,"url":"https:\/\/www.spck-embassy.com\/wp-content\/uploads\/2025\/03\/SPCKE-Daiquiri-scaled.jpg","type":"image\/jpeg"}],"twitter_card":"summary_large_image","twitter_misc":{"Est. reading time":"1 minute"},"schema":{"@context":"https:\/\/schema.org","@graph":[{"@type":"WebPage","@id":"https:\/\/www.spck-embassy.com\/index.php\/product\/daiquiri\/","url":"https:\/\/www.spck-embassy.com\/index.php\/product\/daiquiri\/","name":"Daiquiri - Spirit &amp; Cocktail Embassy","isPartOf":{"@id":"https:\/\/www.spck-embassy.com\/#website"},"primaryImageOfPage":{"@id":"https:\/\/www.spck-embassy.com\/index.php\/product\/daiquiri\/#primaryimage"},"image":{"@id":"https:\/\/www.spck-embassy.com\/index.php\/product\/daiquiri\/#primaryimage"},"thumbnailUrl":"https:\/\/www.spck-embassy.com\/wp-content\/uploads\/2025\/03\/SPCKE-Daiquiri-scaled.jpg","datePublished":"2022-05-16T20:49:06+00:00","dateModified":"2025-03-21T21:28:03+00:00","breadcrumb":{"@id":"https:\/\/www.spck-embassy.com\/index.php\/product\/daiquiri\/#breadcrumb"},"inLanguage":"en-US","potentialAction":[{"@type":"ReadAction","target":["https:\/\/www.spck-embassy.com\/index.php\/product\/daiquiri\/"]}]},{"@type":"ImageObject","inLanguage":"en-US","@id":"https:\/\/www.spck-embassy.com\/index.php\/product\/daiquiri\/#primaryimage","url":"https:\/\/www.spck-embassy.com\/wp-content\/uploads\/2025\/03\/SPCKE-Daiquiri-scaled.jpg","contentUrl":"https:\/\/www.spck-embassy.com\/wp-content\/uploads\/2025\/03\/SPCKE-Daiquiri-scaled.jpg","width":2560,"height":2560,"caption":"SPCKE - Daiquiri"},{"@type":"BreadcrumbList","@id":"https:\/\/www.spck-embassy.com\/index.php\/product\/daiquiri\/#breadcrumb","itemListElement":[{"@type":"ListItem","position":1,"name":"Home","item":"https:\/\/www.spck-embassy.com\/"},{"@type":"ListItem","position":2,"name":"Bar","item":"https:\/\/www.spck-embassy.com\/index.php\/bar\/"},{"@type":"ListItem","position":3,"name":"Daiquiri"}]},{"@type":"WebSite","@id":"https:\/\/www.spck-embassy.com\/#website","url":"https:\/\/www.spck-embassy.com\/","name":"Spirit & Cocktail Embassy","description":"","publisher":{"@id":"https:\/\/www.spck-embassy.com\/#organization"},"potentialAction":[{"@type":"SearchAction","target":{"@type":"EntryPoint","urlTemplate":"https:\/\/www.spck-embassy.com\/?s={search_term_string}"},"query-input":{"@type":"PropertyValueSpecification","valueRequired":true,"valueName":"search_term_string"}}],"inLanguage":"en-US"},{"@type":"Organization","@id":"https:\/\/www.spck-embassy.com\/#organization","name":"Spirit & Cocktail Embassy","url":"https:\/\/www.spck-embassy.com\/","logo":{"@type":"ImageObject","inLanguage":"en-US","@id":"https:\/\/www.spck-embassy.com\/#\/schema\/logo\/image\/","url":"https:\/\/www.spck-embassy.com\/wp-content\/uploads\/2020\/07\/NameLogo-site-web-1010.300.png","contentUrl":"https:\/\/www.spck-embassy.com\/wp-content\/uploads\/2020\/07\/NameLogo-site-web-1010.300.png","width":1010,"height":300,"caption":"Spirit & Cocktail Embassy"},"image":{"@id":"https:\/\/www.spck-embassy.com\/#\/schema\/logo\/image\/"},"sameAs":["https:\/\/fr-fr.facebook.com\/pages\/Spirit-Cocktail-Embassy\/1434858533436172"]}]}},"jetpack_sharing_enabled":true,"_links":{"self":[{"href":"https:\/\/www.spck-embassy.com\/index.php\/wp-json\/wp\/v2\/product\/2771","targetHints":{"allow":["GET"]}}],"collection":[{"href":"https:\/\/www.spck-embassy.com\/index.php\/wp-json\/wp\/v2\/product"}],"about":[{"href":"https:\/\/www.spck-embassy.com\/index.php\/wp-json\/wp\/v2\/types\/product"}],"wp:featuredmedia":[{"embeddable":true,"href":"https:\/\/www.spck-embassy.com\/index.php\/wp-json\/wp\/v2\/media\/3013"}],"wp:attachment":[{"href":"https:\/\/www.spck-embassy.com\/index.php\/wp-json\/wp\/v2\/media?parent=2771"}],"wp:term":[{"taxonomy":"product_cat","embeddable":true,"href":"https:\/\/www.spck-embassy.com\/index.php\/wp-json\/wp\/v2\/product_cat?post=2771"},{"taxonomy":"product_tag","embeddable":true,"href":"https:\/\/www.spck-embassy.com\/index.php\/wp-json\/wp\/v2\/product_tag?post=2771"}],"curies":[{"name":"wp","href":"https:\/\/api.w.org\/{rel}","templated":true}]}}