{"id":47,"date":"2020-07-19T11:50:01","date_gmt":"2020-07-19T09:50:01","guid":{"rendered":"https:\/\/www.spck-embassy.com\/?page_id=47"},"modified":"2022-04-25T22:59:21","modified_gmt":"2022-04-25T20:59:21","slug":"contact","status":"publish","type":"page","link":"https:\/\/www.spck-embassy.com\/index.php\/contact\/","title":{"rendered":"Contact"},"content":{"rendered":"\t\t<div data-elementor-type=\"wp-page\" data-elementor-id=\"47\" class=\"elementor elementor-47\">\n\t\t\t\t\t\t\t\t\t<section class=\"elementor-section elementor-top-section elementor-element elementor-element-6b53222 elementor-section-boxed elementor-section-height-default elementor-section-height-default\" data-id=\"6b53222\" data-element_type=\"section\">\n\t\t\t\t\t\t<div class=\"elementor-container elementor-column-gap-default\">\n\t\t\t\t\t<div class=\"elementor-column elementor-col-100 elementor-top-column elementor-element elementor-element-d2aee49\" data-id=\"d2aee49\" data-element_type=\"column\">\n\t\t\t<div class=\"elementor-widget-wrap\">\n\t\t\t\t\t\t\t\t\t<\/div>\n\t\t<\/div>\n\t\t\t\t\t\t\t<\/div>\n\t\t<\/section>\n\t\t\t\t<section class=\"elementor-section elementor-top-section elementor-element elementor-element-f0561d8 elementor-section-boxed elementor-section-height-default elementor-section-height-default\" data-id=\"f0561d8\" data-element_type=\"section\">\n\t\t\t\t\t\t<div class=\"elementor-container elementor-column-gap-default\">\n\t\t\t\t\t<div class=\"elementor-column elementor-col-100 elementor-top-column elementor-element elementor-element-972374d\" data-id=\"972374d\" data-element_type=\"column\">\n\t\t\t<div class=\"elementor-widget-wrap elementor-element-populated\">\n\t\t\t\t\t\t\t\t<div class=\"elementor-element elementor-element-4f87aee elementor-widget elementor-widget-image\" data-id=\"4f87aee\" data-element_type=\"widget\" data-widget_type=\"image.default\">\n\t\t\t\t<div class=\"elementor-widget-container\">\n\t\t\t\t\t\t\t\t\t\t\t\t\t\t\t<img decoding=\"async\" width=\"1010\" height=\"20\" src=\"https:\/\/www.spck-embassy.com\/wp-content\/uploads\/2020\/08\/Dividing-lines.png\" class=\"attachment-large size-large wp-image-206\" alt=\"\" srcset=\"https:\/\/www.spck-embassy.com\/wp-content\/uploads\/2020\/08\/Dividing-lines.png 1010w, https:\/\/www.spck-embassy.com\/wp-content\/uploads\/2020\/08\/Dividing-lines-200x4.png 200w, https:\/\/www.spck-embassy.com\/wp-content\/uploads\/2020\/08\/Dividing-lines-300x6.png 300w, https:\/\/www.spck-embassy.com\/wp-content\/uploads\/2020\/08\/Dividing-lines-768x15.png 768w\" sizes=\"(max-width: 1010px) 100vw, 1010px\" \/>\t\t\t\t\t\t\t\t\t\t\t\t\t\t\t<\/div>\n\t\t\t\t<\/div>\n\t\t\t\t\t<\/div>\n\t\t<\/div>\n\t\t\t\t\t\t\t<\/div>\n\t\t<\/section>\n\t\t\t\t<section class=\"elementor-section elementor-top-section elementor-element elementor-element-ed32f17 elementor-section-boxed elementor-section-height-default elementor-section-height-default\" data-id=\"ed32f17\" data-element_type=\"section\">\n\t\t\t\t\t\t<div class=\"elementor-container elementor-column-gap-default\">\n\t\t\t\t\t<div class=\"elementor-column elementor-col-50 elementor-top-column elementor-element elementor-element-136b4cf\" data-id=\"136b4cf\" data-element_type=\"column\">\n\t\t\t<div class=\"elementor-widget-wrap elementor-element-populated\">\n\t\t\t\t\t\t\t\t<div class=\"elementor-element elementor-element-b48e925 elementor-widget elementor-widget-image\" data-id=\"b48e925\" data-element_type=\"widget\" data-widget_type=\"image.default\">\n\t\t\t\t<div class=\"elementor-widget-container\">\n\t\t\t\t\t\t\t\t\t\t\t\t\t\t\t<img fetchpriority=\"high\" decoding=\"async\" width=\"600\" height=\"450\" src=\"https:\/\/www.spck-embassy.com\/wp-content\/uploads\/2022\/04\/visitcard.png\" class=\"attachment-large size-large wp-image-2481\" alt=\"Carte de visite SPCKE\" srcset=\"https:\/\/www.spck-embassy.com\/wp-content\/uploads\/2022\/04\/visitcard.png 600w, https:\/\/www.spck-embassy.com\/wp-content\/uploads\/2022\/04\/visitcard-300x225.png 300w, https:\/\/www.spck-embassy.com\/wp-content\/uploads\/2022\/04\/visitcard-200x150.png 200w\" sizes=\"(max-width: 600px) 100vw, 600px\" \/>\t\t\t\t\t\t\t\t\t\t\t\t\t\t\t<\/div>\n\t\t\t\t<\/div>\n\t\t\t\t\t<\/div>\n\t\t<\/div>\n\t\t\t\t<div class=\"elementor-column elementor-col-50 elementor-top-column elementor-element elementor-element-66681d1\" data-id=\"66681d1\" data-element_type=\"column\">\n\t\t\t<div class=\"elementor-widget-wrap elementor-element-populated\">\n\t\t\t\t\t\t\t\t<div class=\"elementor-element elementor-element-9f0a124 elementor-widget elementor-widget-wp-widget-ocean_contact_info\" data-id=\"9f0a124\" data-element_type=\"widget\" data-widget_type=\"wp-widget-ocean_contact_info.default\">\n\t\t\t\t<div class=\"elementor-widget-container\">\n\t\t\t<h5>CONTACT<\/h5><ul class=\"contact-info-widget default\"><li class=\"text\">Nous restons \u00e0 votre disponibilit\u00e9 pour toutes pr\u00e9cisions ou si vous souhaitez discuter des conditions d'ex\u00e9cution d'un atelier.<\/li><li class=\"mobile\"><i class=\"icon-screen-smartphone\" aria-hidden=\"true\"><\/i><div class=\"oceanwp-info-wrap\"><span class=\"oceanwp-contact-title\">Mobile:<\/span><span class=\"oceanwp-contact-text\">06.81.87.03.84<\/span><\/div><\/li><li class=\"email\"><i class=\"icon-envelope\" aria-hidden=\"true\"><\/i><div class=\"oceanwp-info-wrap\"><span class=\"oceanwp-contact-title\">Email:<\/span><span class=\"oceanwp-contact-text\"><a href=\"mailto:m.r&#105;&#099;hard&#064;spck-&#101;m&#098;&#097;ss&#121;&#046;&#099;&#111;&#109;\">m.richard@spck-embassy.com<\/a><span class=\"screen-reader-text\">Opens in your application<\/span><\/span><\/div><\/li><\/ul>\t\t<\/div>\n\t\t\t\t<\/div>\n\t\t\t\t<div class=\"elementor-element elementor-element-ed87353 elementor-widget elementor-widget-text-editor\" data-id=\"ed87353\" data-element_type=\"widget\" data-widget_type=\"text-editor.default\">\n\t\t\t\t<div class=\"elementor-widget-container\">\n\t\t\t\t\t\t\t<p>Attention, notre activit\u00e9 s&#8217;effectue \u00e0 votre domicile, ou dans un local que vous avez pr\u00e9alablement lou\u00e9 \u00e0 cet effet. En aucun cas, nous pouvons, ni n&#8217;accepterons de recevoir du public dans notre atelier.<\/p>\t\t\t\t\t\t<\/div>\n\t\t\t\t<\/div>\n\t\t\t\t\t<\/div>\n\t\t<\/div>\n\t\t\t\t\t\t\t<\/div>\n\t\t<\/section>\n\t\t\t\t<section class=\"elementor-section elementor-top-section elementor-element elementor-element-ec29070 elementor-section-boxed elementor-section-height-default elementor-section-height-default\" data-id=\"ec29070\" data-element_type=\"section\">\n\t\t\t\t\t\t<div class=\"elementor-container elementor-column-gap-default\">\n\t\t\t\t\t<div class=\"elementor-column elementor-col-100 elementor-top-column elementor-element elementor-element-6658d21\" data-id=\"6658d21\" data-element_type=\"column\">\n\t\t\t<div class=\"elementor-widget-wrap elementor-element-populated\">\n\t\t\t\t\t\t\t\t<div class=\"elementor-element elementor-element-98a570e elementor-widget elementor-widget-text-editor\" data-id=\"98a570e\" data-element_type=\"widget\" data-widget_type=\"text-editor.default\">\n\t\t\t\t<div class=\"elementor-widget-container\">\n\t\t\t\t\t\t\t<p>Nous nous d\u00e9pla\u00e7ons et travaillons essentiellement sur la presqu&#8217;\u00eele gu\u00e9randaise, merci de nous consulter pour toute demande sp\u00e9cifique.<\/p>\t\t\t\t\t\t<\/div>\n\t\t\t\t<\/div>\n\t\t\t\t\t<\/div>\n\t\t<\/div>\n\t\t\t\t\t\t\t<\/div>\n\t\t<\/section>\n\t\t\t\t<section class=\"elementor-section elementor-top-section elementor-element elementor-element-144e38f elementor-section-boxed elementor-section-height-default elementor-section-height-default\" data-id=\"144e38f\" data-element_type=\"section\">\n\t\t\t\t\t\t<div class=\"elementor-container elementor-column-gap-default\">\n\t\t\t\t\t<div class=\"elementor-column elementor-col-100 elementor-top-column elementor-element elementor-element-a413b2c\" data-id=\"a413b2c\" data-element_type=\"column\">\n\t\t\t<div class=\"elementor-widget-wrap elementor-element-populated\">\n\t\t\t\t\t\t\t\t<div class=\"elementor-element elementor-element-5748d00 elementor-widget elementor-widget-spacer\" data-id=\"5748d00\" data-element_type=\"widget\" id=\"Partenaires\" data-widget_type=\"spacer.default\">\n\t\t\t\t<div class=\"elementor-widget-container\">\n\t\t\t\t\t<div class=\"elementor-spacer\">\n\t\t\t<div class=\"elementor-spacer-inner\"><\/div>\n\t\t<\/div>\n\t\t\t\t<\/div>\n\t\t\t\t<\/div>\n\t\t\t\t\t<\/div>\n\t\t<\/div>\n\t\t\t\t\t\t\t<\/div>\n\t\t<\/section>\n\t\t\t\t<section class=\"elementor-section elementor-top-section elementor-element elementor-element-051068b elementor-section-boxed elementor-section-height-default elementor-section-height-default\" data-id=\"051068b\" data-element_type=\"section\">\n\t\t\t\t\t\t<div class=\"elementor-container elementor-column-gap-default\">\n\t\t\t\t\t<div class=\"elementor-column elementor-col-100 elementor-top-column elementor-element elementor-element-92f49de\" data-id=\"92f49de\" data-element_type=\"column\">\n\t\t\t<div class=\"elementor-widget-wrap elementor-element-populated\">\n\t\t\t\t\t\t\t\t<div class=\"elementor-element elementor-element-30a3bfe elementor-widget elementor-widget-image\" data-id=\"30a3bfe\" data-element_type=\"widget\" data-widget_type=\"image.default\">\n\t\t\t\t<div class=\"elementor-widget-container\">\n\t\t\t\t\t\t\t\t\t\t\t\t\t\t\t<img decoding=\"async\" width=\"1010\" height=\"20\" src=\"https:\/\/www.spck-embassy.com\/wp-content\/uploads\/2020\/08\/Dividing-lines.png\" class=\"attachment-large size-large wp-image-206\" alt=\"\" srcset=\"https:\/\/www.spck-embassy.com\/wp-content\/uploads\/2020\/08\/Dividing-lines.png 1010w, https:\/\/www.spck-embassy.com\/wp-content\/uploads\/2020\/08\/Dividing-lines-200x4.png 200w, https:\/\/www.spck-embassy.com\/wp-content\/uploads\/2020\/08\/Dividing-lines-300x6.png 300w, https:\/\/www.spck-embassy.com\/wp-content\/uploads\/2020\/08\/Dividing-lines-768x15.png 768w\" sizes=\"(max-width: 1010px) 100vw, 1010px\" \/>\t\t\t\t\t\t\t\t\t\t\t\t\t\t\t<\/div>\n\t\t\t\t<\/div>\n\t\t\t\t\t<\/div>\n\t\t<\/div>\n\t\t\t\t\t\t\t<\/div>\n\t\t<\/section>\n\t\t\t\t<section class=\"elementor-section elementor-top-section elementor-element elementor-element-51333f6 elementor-section-boxed elementor-section-height-default elementor-section-height-default\" data-id=\"51333f6\" data-element_type=\"section\">\n\t\t\t\t\t\t<div class=\"elementor-container elementor-column-gap-default\">\n\t\t\t\t\t<div class=\"elementor-column elementor-col-100 elementor-top-column elementor-element elementor-element-5a468b2\" data-id=\"5a468b2\" data-element_type=\"column\">\n\t\t\t<div class=\"elementor-widget-wrap elementor-element-populated\">\n\t\t\t\t\t\t\t\t<div class=\"elementor-element elementor-element-03f26b1 elementor-widget elementor-widget-heading\" data-id=\"03f26b1\" data-element_type=\"widget\" data-widget_type=\"heading.default\">\n\t\t\t\t<div class=\"elementor-widget-container\">\n\t\t\t<h2 class=\"elementor-heading-title elementor-size-default\">CAVISTES PARTENAIRES<\/h2>\t\t<\/div>\n\t\t\t\t<\/div>\n\t\t\t\t\t<\/div>\n\t\t<\/div>\n\t\t\t\t\t\t\t<\/div>\n\t\t<\/section>\n\t\t\t\t<section class=\"elementor-section elementor-top-section elementor-element elementor-element-451799b elementor-section-boxed elementor-section-height-default elementor-section-height-default\" data-id=\"451799b\" data-element_type=\"section\">\n\t\t\t\t\t\t<div class=\"elementor-container elementor-column-gap-default\">\n\t\t\t\t\t<div class=\"elementor-column elementor-col-100 elementor-top-column elementor-element elementor-element-5ffad41\" data-id=\"5ffad41\" data-element_type=\"column\">\n\t\t\t<div class=\"elementor-widget-wrap elementor-element-populated\">\n\t\t\t\t\t\t\t\t<div class=\"elementor-element elementor-element-60f3380 elementor-widget elementor-widget-spacer\" data-id=\"60f3380\" data-element_type=\"widget\" data-widget_type=\"spacer.default\">\n\t\t\t\t<div class=\"elementor-widget-container\">\n\t\t\t\t\t<div class=\"elementor-spacer\">\n\t\t\t<div class=\"elementor-spacer-inner\"><\/div>\n\t\t<\/div>\n\t\t\t\t<\/div>\n\t\t\t\t<\/div>\n\t\t\t\t\t<\/div>\n\t\t<\/div>\n\t\t\t\t\t\t\t<\/div>\n\t\t<\/section>\n\t\t\t\t\t\t\t<\/div>\n\t\t","protected":false},"excerpt":{"rendered":"<p>Attention, notre activit\u00e9 s&#8217;effectue \u00e0 votre domicile, ou dans un local que vous avez pr\u00e9alablement lou\u00e9 \u00e0 cet effet. En aucun cas, nous pouvons, ni n&#8217;accepterons de recevoir du public dans notre atelier. Nous nous d\u00e9pla\u00e7ons et travaillons essentiellement sur la presqu&#8217;\u00eele gu\u00e9randaise, merci de nous consulter pour toute demande sp\u00e9cifique. CAVISTES PARTENAIRES<\/p>\n","protected":false},"author":1,"featured_media":0,"parent":0,"menu_order":5,"comment_status":"closed","ping_status":"closed","template":"elementor_header_footer","meta":{"_mi_skip_tracking":false,"ocean_post_layout":"","ocean_both_sidebars_style":"","ocean_both_sidebars_content_width":0,"ocean_both_sidebars_sidebars_width":0,"ocean_sidebar":"0","ocean_second_sidebar":"0","ocean_disable_margins":"enable","ocean_add_body_class":"","ocean_shortcode_before_top_bar":"","ocean_shortcode_after_top_bar":"","ocean_shortcode_before_header":"","ocean_shortcode_after_header":"","ocean_has_shortcode":"","ocean_shortcode_after_title":"","ocean_shortcode_before_footer_widgets":"","ocean_shortcode_after_footer_widgets":"","ocean_shortcode_before_footer_bottom":"","ocean_shortcode_after_footer_bottom":"","ocean_display_top_bar":"default","ocean_display_header":"default","ocean_header_style":"","ocean_center_header_left_menu":"0","ocean_custom_header_template":"0","ocean_custom_logo":0,"ocean_custom_retina_logo":0,"ocean_custom_logo_max_width":0,"ocean_custom_logo_tablet_max_width":0,"ocean_custom_logo_mobile_max_width":0,"ocean_custom_logo_max_height":0,"ocean_custom_logo_tablet_max_height":0,"ocean_custom_logo_mobile_max_height":0,"ocean_header_custom_menu":"0","ocean_menu_typo_font_family":"0","ocean_menu_typo_font_subset":"","ocean_menu_typo_font_size":0,"ocean_menu_typo_font_size_tablet":0,"ocean_menu_typo_font_size_mobile":0,"ocean_menu_typo_font_size_unit":"px","ocean_menu_typo_font_weight":"","ocean_menu_typo_font_weight_tablet":"","ocean_menu_typo_font_weight_mobile":"","ocean_menu_typo_transform":"","ocean_menu_typo_transform_tablet":"","ocean_menu_typo_transform_mobile":"","ocean_menu_typo_line_height":0,"ocean_menu_typo_line_height_tablet":0,"ocean_menu_typo_line_height_mobile":0,"ocean_menu_typo_line_height_unit":"","ocean_menu_typo_spacing":0,"ocean_menu_typo_spacing_tablet":0,"ocean_menu_typo_spacing_mobile":0,"ocean_menu_typo_spacing_unit":"","ocean_menu_link_color":"","ocean_menu_link_color_hover":"","ocean_menu_link_color_active":"","ocean_menu_link_background":"","ocean_menu_link_hover_background":"","ocean_menu_link_active_background":"","ocean_menu_social_links_bg":"","ocean_menu_social_hover_links_bg":"","ocean_menu_social_links_color":"","ocean_menu_social_hover_links_color":"","ocean_disable_title":"default","ocean_disable_heading":"default","ocean_post_title":"","ocean_post_subheading":"","ocean_post_title_style":"","ocean_post_title_background_color":"","ocean_post_title_background":0,"ocean_post_title_bg_image_position":"","ocean_post_title_bg_image_attachment":"","ocean_post_title_bg_image_repeat":"","ocean_post_title_bg_image_size":"","ocean_post_title_height":0,"ocean_post_title_bg_overlay":0.5,"ocean_post_title_bg_overlay_color":"","ocean_disable_breadcrumbs":"default","ocean_breadcrumbs_color":"","ocean_breadcrumbs_separator_color":"","ocean_breadcrumbs_links_color":"","ocean_breadcrumbs_links_hover_color":"","ocean_display_footer_widgets":"default","ocean_display_footer_bottom":"default","ocean_custom_footer_template":"0","footnotes":""},"class_list":["post-47","page","type-page","status-publish","hentry","entry","owp-thumbs-layout-horizontal","owp-btn-normal","owp-tabs-layout-vertical","has-no-thumbnails","has-product-nav"],"yoast_head":"<!-- This site is optimized with the Yoast SEO plugin v24.9 - https:\/\/yoast.com\/wordpress\/plugins\/seo\/ -->\n<title>Contact - Spirit &amp; Cocktail Embassy<\/title>\n<meta name=\"description\" content=\"Initiation \u00e0 la d\u00e9gustation des spiritueux et introduction aux cocktails classiques. Bar mobile. Club priv\u00e9.\" \/>\n<meta name=\"robots\" content=\"index, follow, max-snippet:-1, max-image-preview:large, max-video-preview:-1\" \/>\n<link rel=\"canonical\" href=\"https:\/\/www.spck-embassy.com\/index.php\/contact\/\" \/>\n<meta property=\"og:locale\" content=\"en_US\" \/>\n<meta property=\"og:type\" content=\"article\" \/>\n<meta property=\"og:title\" content=\"Contact - Spirit &amp; Cocktail Embassy\" \/>\n<meta property=\"og:description\" content=\"Initiation \u00e0 la d\u00e9gustation des spiritueux et introduction aux cocktails classiques. Bar mobile. Club priv\u00e9.\" \/>\n<meta property=\"og:url\" content=\"https:\/\/www.spck-embassy.com\/index.php\/contact\/\" \/>\n<meta property=\"og:site_name\" content=\"Spirit &amp; Cocktail Embassy\" \/>\n<meta property=\"article:publisher\" content=\"https:\/\/fr-fr.facebook.com\/pages\/Spirit-Cocktail-Embassy\/1434858533436172\" \/>\n<meta property=\"article:modified_time\" content=\"2022-04-25T20:59:21+00:00\" \/>\n<meta property=\"og:image\" content=\"https:\/\/www.spck-embassy.com\/wp-content\/uploads\/2020\/08\/Dividing-lines.png\" \/>\n<meta name=\"twitter:card\" content=\"summary_large_image\" \/>\n<meta name=\"twitter:label1\" content=\"Est. reading time\" \/>\n\t<meta name=\"twitter:data1\" content=\"1 minute\" \/>\n<script type=\"application\/ld+json\" class=\"yoast-schema-graph\">{\"@context\":\"https:\/\/schema.org\",\"@graph\":[{\"@type\":\"WebPage\",\"@id\":\"https:\/\/www.spck-embassy.com\/index.php\/contact\/\",\"url\":\"https:\/\/www.spck-embassy.com\/index.php\/contact\/\",\"name\":\"Contact - Spirit &amp; Cocktail Embassy\",\"isPartOf\":{\"@id\":\"https:\/\/www.spck-embassy.com\/#website\"},\"primaryImageOfPage\":{\"@id\":\"https:\/\/www.spck-embassy.com\/index.php\/contact\/#primaryimage\"},\"image\":{\"@id\":\"https:\/\/www.spck-embassy.com\/index.php\/contact\/#primaryimage\"},\"thumbnailUrl\":\"https:\/\/www.spck-embassy.com\/wp-content\/uploads\/2020\/08\/Dividing-lines.png\",\"datePublished\":\"2020-07-19T09:50:01+00:00\",\"dateModified\":\"2022-04-25T20:59:21+00:00\",\"description\":\"Initiation \u00e0 la d\u00e9gustation des spiritueux et introduction aux cocktails classiques. Bar mobile. Club priv\u00e9.\",\"breadcrumb\":{\"@id\":\"https:\/\/www.spck-embassy.com\/index.php\/contact\/#breadcrumb\"},\"inLanguage\":\"en-US\",\"potentialAction\":[{\"@type\":\"ReadAction\",\"target\":[\"https:\/\/www.spck-embassy.com\/index.php\/contact\/\"]}]},{\"@type\":\"ImageObject\",\"inLanguage\":\"en-US\",\"@id\":\"https:\/\/www.spck-embassy.com\/index.php\/contact\/#primaryimage\",\"url\":\"https:\/\/www.spck-embassy.com\/wp-content\/uploads\/2020\/08\/Dividing-lines.png\",\"contentUrl\":\"https:\/\/www.spck-embassy.com\/wp-content\/uploads\/2020\/08\/Dividing-lines.png\",\"width\":1010,\"height\":20},{\"@type\":\"BreadcrumbList\",\"@id\":\"https:\/\/www.spck-embassy.com\/index.php\/contact\/#breadcrumb\",\"itemListElement\":[{\"@type\":\"ListItem\",\"position\":1,\"name\":\"Home\",\"item\":\"https:\/\/www.spck-embassy.com\/\"},{\"@type\":\"ListItem\",\"position\":2,\"name\":\"Contact\"}]},{\"@type\":\"WebSite\",\"@id\":\"https:\/\/www.spck-embassy.com\/#website\",\"url\":\"https:\/\/www.spck-embassy.com\/\",\"name\":\"Spirit & Cocktail Embassy\",\"description\":\"\",\"publisher\":{\"@id\":\"https:\/\/www.spck-embassy.com\/#organization\"},\"potentialAction\":[{\"@type\":\"SearchAction\",\"target\":{\"@type\":\"EntryPoint\",\"urlTemplate\":\"https:\/\/www.spck-embassy.com\/?s={search_term_string}\"},\"query-input\":{\"@type\":\"PropertyValueSpecification\",\"valueRequired\":true,\"valueName\":\"search_term_string\"}}],\"inLanguage\":\"en-US\"},{\"@type\":\"Organization\",\"@id\":\"https:\/\/www.spck-embassy.com\/#organization\",\"name\":\"Spirit & Cocktail Embassy\",\"url\":\"https:\/\/www.spck-embassy.com\/\",\"logo\":{\"@type\":\"ImageObject\",\"inLanguage\":\"en-US\",\"@id\":\"https:\/\/www.spck-embassy.com\/#\/schema\/logo\/image\/\",\"url\":\"https:\/\/www.spck-embassy.com\/wp-content\/uploads\/2020\/07\/NameLogo-site-web-1010.300.png\",\"contentUrl\":\"https:\/\/www.spck-embassy.com\/wp-content\/uploads\/2020\/07\/NameLogo-site-web-1010.300.png\",\"width\":1010,\"height\":300,\"caption\":\"Spirit & Cocktail Embassy\"},\"image\":{\"@id\":\"https:\/\/www.spck-embassy.com\/#\/schema\/logo\/image\/\"},\"sameAs\":[\"https:\/\/fr-fr.facebook.com\/pages\/Spirit-Cocktail-Embassy\/1434858533436172\"]}]}<\/script>\n<!-- \/ Yoast SEO plugin. -->","yoast_head_json":{"title":"Contact - Spirit &amp; Cocktail Embassy","description":"Initiation \u00e0 la d\u00e9gustation des spiritueux et introduction aux cocktails classiques. Bar mobile. Club priv\u00e9.","robots":{"index":"index","follow":"follow","max-snippet":"max-snippet:-1","max-image-preview":"max-image-preview:large","max-video-preview":"max-video-preview:-1"},"canonical":"https:\/\/www.spck-embassy.com\/index.php\/contact\/","og_locale":"en_US","og_type":"article","og_title":"Contact - Spirit &amp; Cocktail Embassy","og_description":"Initiation \u00e0 la d\u00e9gustation des spiritueux et introduction aux cocktails classiques. Bar mobile. Club priv\u00e9.","og_url":"https:\/\/www.spck-embassy.com\/index.php\/contact\/","og_site_name":"Spirit &amp; Cocktail Embassy","article_publisher":"https:\/\/fr-fr.facebook.com\/pages\/Spirit-Cocktail-Embassy\/1434858533436172","article_modified_time":"2022-04-25T20:59:21+00:00","og_image":[{"url":"https:\/\/www.spck-embassy.com\/wp-content\/uploads\/2020\/08\/Dividing-lines.png","type":"","width":"","height":""}],"twitter_card":"summary_large_image","twitter_misc":{"Est. reading time":"1 minute"},"schema":{"@context":"https:\/\/schema.org","@graph":[{"@type":"WebPage","@id":"https:\/\/www.spck-embassy.com\/index.php\/contact\/","url":"https:\/\/www.spck-embassy.com\/index.php\/contact\/","name":"Contact - Spirit &amp; Cocktail Embassy","isPartOf":{"@id":"https:\/\/www.spck-embassy.com\/#website"},"primaryImageOfPage":{"@id":"https:\/\/www.spck-embassy.com\/index.php\/contact\/#primaryimage"},"image":{"@id":"https:\/\/www.spck-embassy.com\/index.php\/contact\/#primaryimage"},"thumbnailUrl":"https:\/\/www.spck-embassy.com\/wp-content\/uploads\/2020\/08\/Dividing-lines.png","datePublished":"2020-07-19T09:50:01+00:00","dateModified":"2022-04-25T20:59:21+00:00","description":"Initiation \u00e0 la d\u00e9gustation des spiritueux et introduction aux cocktails classiques. Bar mobile. Club priv\u00e9.","breadcrumb":{"@id":"https:\/\/www.spck-embassy.com\/index.php\/contact\/#breadcrumb"},"inLanguage":"en-US","potentialAction":[{"@type":"ReadAction","target":["https:\/\/www.spck-embassy.com\/index.php\/contact\/"]}]},{"@type":"ImageObject","inLanguage":"en-US","@id":"https:\/\/www.spck-embassy.com\/index.php\/contact\/#primaryimage","url":"https:\/\/www.spck-embassy.com\/wp-content\/uploads\/2020\/08\/Dividing-lines.png","contentUrl":"https:\/\/www.spck-embassy.com\/wp-content\/uploads\/2020\/08\/Dividing-lines.png","width":1010,"height":20},{"@type":"BreadcrumbList","@id":"https:\/\/www.spck-embassy.com\/index.php\/contact\/#breadcrumb","itemListElement":[{"@type":"ListItem","position":1,"name":"Home","item":"https:\/\/www.spck-embassy.com\/"},{"@type":"ListItem","position":2,"name":"Contact"}]},{"@type":"WebSite","@id":"https:\/\/www.spck-embassy.com\/#website","url":"https:\/\/www.spck-embassy.com\/","name":"Spirit & Cocktail Embassy","description":"","publisher":{"@id":"https:\/\/www.spck-embassy.com\/#organization"},"potentialAction":[{"@type":"SearchAction","target":{"@type":"EntryPoint","urlTemplate":"https:\/\/www.spck-embassy.com\/?s={search_term_string}"},"query-input":{"@type":"PropertyValueSpecification","valueRequired":true,"valueName":"search_term_string"}}],"inLanguage":"en-US"},{"@type":"Organization","@id":"https:\/\/www.spck-embassy.com\/#organization","name":"Spirit & Cocktail Embassy","url":"https:\/\/www.spck-embassy.com\/","logo":{"@type":"ImageObject","inLanguage":"en-US","@id":"https:\/\/www.spck-embassy.com\/#\/schema\/logo\/image\/","url":"https:\/\/www.spck-embassy.com\/wp-content\/uploads\/2020\/07\/NameLogo-site-web-1010.300.png","contentUrl":"https:\/\/www.spck-embassy.com\/wp-content\/uploads\/2020\/07\/NameLogo-site-web-1010.300.png","width":1010,"height":300,"caption":"Spirit & Cocktail Embassy"},"image":{"@id":"https:\/\/www.spck-embassy.com\/#\/schema\/logo\/image\/"},"sameAs":["https:\/\/fr-fr.facebook.com\/pages\/Spirit-Cocktail-Embassy\/1434858533436172"]}]}},"jetpack_sharing_enabled":true,"_links":{"self":[{"href":"https:\/\/www.spck-embassy.com\/index.php\/wp-json\/wp\/v2\/pages\/47","targetHints":{"allow":["GET"]}}],"collection":[{"href":"https:\/\/www.spck-embassy.com\/index.php\/wp-json\/wp\/v2\/pages"}],"about":[{"href":"https:\/\/www.spck-embassy.com\/index.php\/wp-json\/wp\/v2\/types\/page"}],"author":[{"embeddable":true,"href":"https:\/\/www.spck-embassy.com\/index.php\/wp-json\/wp\/v2\/users\/1"}],"replies":[{"embeddable":true,"href":"https:\/\/www.spck-embassy.com\/index.php\/wp-json\/wp\/v2\/comments?post=47"}],"version-history":[{"count":41,"href":"https:\/\/www.spck-embassy.com\/index.php\/wp-json\/wp\/v2\/pages\/47\/revisions"}],"predecessor-version":[{"id":2732,"href":"https:\/\/www.spck-embassy.com\/index.php\/wp-json\/wp\/v2\/pages\/47\/revisions\/2732"}],"wp:attachment":[{"href":"https:\/\/www.spck-embassy.com\/index.php\/wp-json\/wp\/v2\/media?parent=47"}],"curies":[{"name":"wp","href":"https:\/\/api.w.org\/{rel}","templated":true}]}}